{"id":87,"date":"2019-01-23T13:25:49","date_gmt":"2019-01-23T13:25:49","guid":{"rendered":"https:\/\/terapiasintravenosasencuernavaca.com\/index.php\/product\/money-plant\/"},"modified":"2023-11-30T21:27:59","modified_gmt":"2023-11-30T21:27:59","slug":"money-plant","status":"publish","type":"product","link":"https:\/\/terapiasintravenosasencuernavaca.com\/index.php\/product\/money-plant\/","title":{"rendered":"Medicina Antienvejecimiento"},"content":{"rendered":"<div class=\"flex-1 overflow-hidden\">\n<div class=\"react-scroll-to-bottom--css-spcmv-79elbk h-full\">\n<div class=\"react-scroll-to-bottom--css-spcmv-1n7m0yu\">\n<div class=\"flex flex-col text-sm gizmo:pb-9 dark:bg-gray-800 gizmo:dark:bg-transparent\">\n<div class=\"group w-full text-token-text-primary border-b border-black\/10 gizmo:border-0 dark:border-gray-900\/50 gizmo:dark:border-0 bg-gray-50 gizmo:bg-transparent dark:bg-[#444654] gizmo:dark:bg-transparent\" data-testid=\"conversation-turn-5\">\n<div class=\"p-4 gizmo:py-2 justify-center text-base md:gap-6 md:py-6 m-auto\">\n<div class=\"flex flex-1 gap-4 text-base mx-auto md:gap-6 gizmo:gap-3 gizmo:md:px-5 gizmo:lg:px-1 gizmo:xl:px-5 md:max-w-2xl lg:max-w-[38rem] gizmo:md:max-w-3xl gizmo:lg:max-w-[40rem] gizmo:xl:max-w-[48rem] xl:max-w-3xl }\">\n<div class=\"relative flex w-[calc(100%-50px)] flex-col gizmo:w-full lg:w-[calc(100%-115px)] agent-turn\">\n<div class=\"flex-col gap-1 md:gap-3\">\n<div class=\"flex flex-grow flex-col gap-3 max-w-full\">\n<div class=\"min-h-[20px] flex flex-col items-start gap-3 whitespace-pre-wrap break-words overflow-x-auto\" data-message-author-role=\"assistant\" data-message-id=\"baff5bfa-f101-411a-a815-f863c00f31c4\">\n<div class=\"markdown prose w-full break-words dark:prose-invert light\">\n<p>\u00bfListo para desafiar al tiempo y abrazar una versi\u00f3n m\u00e1s joven y vibrante de ti mismo? Nuestra Medicina Antienvejecimiento es la clave para renovar tu belleza interior y exterior, y recuperar la vitalidad que mereces.<\/p>\n<p>En Nativa Medical neuroprograms, creemos que la edad es solo un n\u00famero y que todos merecen sentirse y verse mejor a medida que envejecen. Nuestra Medicina Antienvejecimiento es una f\u00f3rmula innovadora respaldada por la ciencia y dise\u00f1ada para revertir los signos del envejecimiento, revitalizar tu piel y energizar tu cuerpo desde adentro hacia afuera.<\/p>\n<p>Beneficios de nuestra Medicina Antienvejecimiento:<\/p>\n<ul>\n<li>Reduce las arrugas y l\u00edneas de expresi\u00f3n<\/li>\n<li>Incrementa la firmeza y elasticidad de la piel<\/li>\n<li>Mejora la claridad y el brillo de la tez<\/li>\n<li>Aumenta la energ\u00eda y la vitalidad<\/li>\n<li>Contribuye a una salud \u00f3ptima en general<\/li>\n<\/ul>\n<p>Nuestros tratamientos est\u00e1n respaldados por expertos m\u00e9dicos y formulados con ingredientes de la m\u00e1s alta calidad para garantizar resultados notables y duraderos. En [Nombre de tu Marca], comprendemos que cada individuo es \u00fanico, por lo que ofrecemos soluciones personalizadas que se adaptan a tus necesidades espec\u00edficas de antienvejecimiento.<\/p>\n<p>\u00bfPor qu\u00e9 elegir nuestra Medicina Antienvejecimiento?<\/p>\n<ul>\n<li>Enfoque integral para rejuvenecer tu cuerpo y mente<\/li>\n<li>Resultados visibles y duraderos<\/li>\n<li>Protocolos de tratamiento personalizados<\/li>\n<li>Experiencia y tecnolog\u00eda de vanguardia<\/li>\n<\/ul>\n<\/div>\n<\/div>\n<\/div>\n<\/div>\n<\/div>\n<\/div>\n<\/div>\n<\/div>\n<\/div>\n<\/div>\n<\/div>\n<\/div>\n","protected":false},"excerpt":{"rendered":"<p><strong>C\u00f3ctel de Juventud Nutricional:<\/strong> Experimenta la magia de nuestra mezcla \u00fanica de antioxidantes, vitaminas y minerales dise\u00f1ada para nutrir tu cuerpo desde adentro. Esta combinaci\u00f3n precisa no solo ralentiza el envejecimiento, sino que tambi\u00e9n promueve una piel radiante y una energ\u00eda rejuvenecida.<\/p>\n","protected":false},"featured_media":2006,"comment_status":"open","ping_status":"closed","template":"","meta":{"site-sidebar-layout":"default","site-content-layout":"default","ast-site-content-layout":"default","site-content-style":"default","site-sidebar-style":"default","ast-global-header-display":"","ast-banner-title-visibility":"","ast-main-header-display":"","ast-hfb-above-header-display":"","ast-hfb-below-header-display":"","ast-hfb-mobile-header-display":"","site-post-title":"","ast-breadcrumbs-content":"","ast-featured-img":"","footer-sml-layout":"","theme-transparent-header-meta":"default","adv-header-id-meta":"","stick-header-meta":"","header-above-stick-meta":"","header-main-stick-meta":"","header-below-stick-meta":"","astra-migrate-meta-layouts":"set","ast-page-background-enabled":"default","ast-page-background-meta":{"desktop":{"background-color":"","background-image":"","background-repeat":"repeat","background-position":"center center","background-size":"auto","background-attachment":"scroll","background-type":"","background-media":"","overlay-type":"","overlay-color":"","overlay-gradient":""},"tablet":{"background-color":"","background-image":"","background-repeat":"repeat","background-position":"center center","background-size":"auto","background-attachment":"scroll","background-type":"","background-media":"","overlay-type":"","overlay-color":"","overlay-gradient":""},"mobile":{"background-color":"","background-image":"","background-repeat":"repeat","background-position":"center center","background-size":"auto","background-attachment":"scroll","background-type":"","background-media":"","overlay-type":"","overlay-color":"","overlay-gradient":""}},"ast-content-background-meta":{"desktop":{"background-color":"var(--ast-global-color-5)","background-image":"","background-repeat":"repeat","background-position":"center center","background-size":"auto","background-attachment":"scroll","background-type":"","background-media":"","overlay-type":"","overlay-color":"","overlay-gradient":""},"tablet":{"background-color":"var(--ast-global-color-5)","background-image":"","background-repeat":"repeat","background-position":"center center","background-size":"auto","background-attachment":"scroll","background-type":"","background-media":"","overlay-type":"","overlay-color":"","overlay-gradient":""},"mobile":{"background-color":"var(--ast-global-color-5)","background-image":"","background-repeat":"repeat","background-position":"center center","background-size":"auto","background-attachment":"scroll","background-type":"","background-media":"","overlay-type":"","overlay-color":"","overlay-gradient":""}},"_joinchat":[]},"product_cat":[23],"product_tag":[],"_links":{"self":[{"href":"https:\/\/terapiasintravenosasencuernavaca.com\/index.php\/wp-json\/wp\/v2\/product\/87"}],"collection":[{"href":"https:\/\/terapiasintravenosasencuernavaca.com\/index.php\/wp-json\/wp\/v2\/product"}],"about":[{"href":"https:\/\/terapiasintravenosasencuernavaca.com\/index.php\/wp-json\/wp\/v2\/types\/product"}],"replies":[{"embeddable":true,"href":"https:\/\/terapiasintravenosasencuernavaca.com\/index.php\/wp-json\/wp\/v2\/comments?post=87"}],"wp:featuredmedia":[{"embeddable":true,"href":"https:\/\/terapiasintravenosasencuernavaca.com\/index.php\/wp-json\/wp\/v2\/media\/2006"}],"wp:attachment":[{"href":"https:\/\/terapiasintravenosasencuernavaca.com\/index.php\/wp-json\/wp\/v2\/media?parent=87"}],"wp:term":[{"taxonomy":"product_cat","embeddable":true,"href":"https:\/\/terapiasintravenosasencuernavaca.com\/index.php\/wp-json\/wp\/v2\/product_cat?post=87"},{"taxonomy":"product_tag","embeddable":true,"href":"https:\/\/terapiasintravenosasencuernavaca.com\/index.php\/wp-json\/wp\/v2\/product_tag?post=87"}],"curies":[{"name":"wp","href":"https:\/\/api.w.org\/{rel}","templated":true}]}}