{"id":86,"date":"2019-01-23T13:24:06","date_gmt":"2019-01-23T13:24:06","guid":{"rendered":"https:\/\/terapiasintravenosasencuernavaca.com\/index.php\/product\/aluminum-plant\/"},"modified":"2023-11-30T18:47:49","modified_gmt":"2023-11-30T18:47:49","slug":"aluminum-plant","status":"publish","type":"product","link":"https:\/\/terapiasintravenosasencuernavaca.com\/index.php\/product\/aluminum-plant\/","title":{"rendered":"Inflamaci\u00f3n cr\u00f3nica"},"content":{"rendered":"<ol>\n<li><strong>Enfoque Personalizado y Pericia:<\/strong> Con una trayectoria de m\u00e1s de 10 a\u00f1os, nuestro equipo altamente experimentado reconoce la singularidad de cada individuo. Creamos estrategias de terapia intravenosa adaptadas a tus necesidades espec\u00edficas, proporcionando atenci\u00f3n personalizada y efectiva.<\/li>\n<li><strong>C\u00f3ctel Nutricional de Vanguardia:<\/strong> Experimenta el poder curativo de nuestra mezcla \u00fanica de antioxidantes, vitaminas y minerales. M\u00e1s all\u00e1 de aliviar s\u00edntomas, esta combinaci\u00f3n precisa aborda la ra\u00edz misma de la inflamaci\u00f3n, fomentando una regeneraci\u00f3n celular profunda.<\/li>\n<li><strong>Supervisi\u00f3n M\u00e9dica de Alta Calidad:<\/strong> En Nativa Medical, tu seguridad y bienestar son prioridad. Nuestro equipo m\u00e9dico altamente calificado garantiza una supervisi\u00f3n constante, asegurando que cada sesi\u00f3n de terapia intravenosa sea segura y eficaz.<\/li>\n<li><strong>Integraci\u00f3n de Tecnolog\u00eda Avanzada:<\/strong> Adoptamos lo \u00faltimo en tecnolog\u00eda para una administraci\u00f3n de nutrientes de vanguardia. Cada sesi\u00f3n est\u00e1 dise\u00f1ada para ser eficiente y contribuir significativamente a tu recuperaci\u00f3n general.<\/li>\n<\/ol>\n","protected":false},"excerpt":{"rendered":"<p>En Nativa Medical, no solo tratamos los s\u00edntomas; abordamos la ra\u00edz del problema. Descubre c\u00f3mo nuestras Terapias Intravenosas pueden ser tu camino hacia una vida sin inflamaci\u00f3n y llena de vitalidad.<\/p>\n","protected":false},"featured_media":2005,"comment_status":"open","ping_status":"closed","template":"","meta":{"site-sidebar-layout":"default","site-content-layout":"default","ast-site-content-layout":"default","site-content-style":"default","site-sidebar-style":"default","ast-global-header-display":"","ast-banner-title-visibility":"","ast-main-header-display":"","ast-hfb-above-header-display":"","ast-hfb-below-header-display":"","ast-hfb-mobile-header-display":"","site-post-title":"","ast-breadcrumbs-content":"","ast-featured-img":"","footer-sml-layout":"","theme-transparent-header-meta":"default","adv-header-id-meta":"","stick-header-meta":"","header-above-stick-meta":"","header-main-stick-meta":"","header-below-stick-meta":"","astra-migrate-meta-layouts":"set","ast-page-background-enabled":"default","ast-page-background-meta":{"desktop":{"background-color":"","background-image":"","background-repeat":"repeat","background-position":"center center","background-size":"auto","background-attachment":"scroll","background-type":"","background-media":"","overlay-type":"","overlay-color":"","overlay-gradient":""},"tablet":{"background-color":"","background-image":"","background-repeat":"repeat","background-position":"center center","background-size":"auto","background-attachment":"scroll","background-type":"","background-media":"","overlay-type":"","overlay-color":"","overlay-gradient":""},"mobile":{"background-color":"","background-image":"","background-repeat":"repeat","background-position":"center center","background-size":"auto","background-attachment":"scroll","background-type":"","background-media":"","overlay-type":"","overlay-color":"","overlay-gradient":""}},"ast-content-background-meta":{"desktop":{"background-color":"var(--ast-global-color-5)","background-image":"","background-repeat":"repeat","background-position":"center center","background-size":"auto","background-attachment":"scroll","background-type":"","background-media":"","overlay-type":"","overlay-color":"","overlay-gradient":""},"tablet":{"background-color":"var(--ast-global-color-5)","background-image":"","background-repeat":"repeat","background-position":"center center","background-size":"auto","background-attachment":"scroll","background-type":"","background-media":"","overlay-type":"","overlay-color":"","overlay-gradient":""},"mobile":{"background-color":"var(--ast-global-color-5)","background-image":"","background-repeat":"repeat","background-position":"center center","background-size":"auto","background-attachment":"scroll","background-type":"","background-media":"","overlay-type":"","overlay-color":"","overlay-gradient":""}},"_joinchat":[]},"product_cat":[28],"product_tag":[],"_links":{"self":[{"href":"https:\/\/terapiasintravenosasencuernavaca.com\/index.php\/wp-json\/wp\/v2\/product\/86"}],"collection":[{"href":"https:\/\/terapiasintravenosasencuernavaca.com\/index.php\/wp-json\/wp\/v2\/product"}],"about":[{"href":"https:\/\/terapiasintravenosasencuernavaca.com\/index.php\/wp-json\/wp\/v2\/types\/product"}],"replies":[{"embeddable":true,"href":"https:\/\/terapiasintravenosasencuernavaca.com\/index.php\/wp-json\/wp\/v2\/comments?post=86"}],"wp:featuredmedia":[{"embeddable":true,"href":"https:\/\/terapiasintravenosasencuernavaca.com\/index.php\/wp-json\/wp\/v2\/media\/2005"}],"wp:attachment":[{"href":"https:\/\/terapiasintravenosasencuernavaca.com\/index.php\/wp-json\/wp\/v2\/media?parent=86"}],"wp:term":[{"taxonomy":"product_cat","embeddable":true,"href":"https:\/\/terapiasintravenosasencuernavaca.com\/index.php\/wp-json\/wp\/v2\/product_cat?post=86"},{"taxonomy":"product_tag","embeddable":true,"href":"https:\/\/terapiasintravenosasencuernavaca.com\/index.php\/wp-json\/wp\/v2\/product_tag?post=86"}],"curies":[{"name":"wp","href":"https:\/\/api.w.org\/{rel}","templated":true}]}}