{"id":85,"date":"2019-01-23T13:22:49","date_gmt":"2019-01-23T13:22:49","guid":{"rendered":"https:\/\/terapiasintravenosasencuernavaca.com\/index.php\/product\/boncellensis-secullant\/"},"modified":"2026-04-13T18:28:09","modified_gmt":"2026-04-13T18:28:09","slug":"boncellensis-secullant","status":"publish","type":"product","link":"https:\/\/terapiasintravenosasencuernavaca.com\/index.php\/product\/boncellensis-secullant\/","title":{"rendered":"Complicaciones post COVID"},"content":{"rendered":"<p>Neque porro quisquam est, qui dolore ipsum quia dolor sit amet, consectetur adipisci velit, sed quia non numquam eius modi tempora incidunt lores ta porro ame. Neque porro quisquam est, qui dolore ipsum quia dolor sit amet.<\/p>\n","protected":false},"excerpt":{"rendered":"<ol>\n<li><strong>Reposici\u00f3n de Nutrientes Esenciales:<\/strong> Despu\u00e9s de la enfermedad, tu cuerpo puede necesitar un impulso adicional de vitaminas y minerales. Nuestras terapias intravenosas proporcionan una dosis concentrada de nutrientes esenciales para apoyar la recuperaci\u00f3n celular.<\/li>\n<li><strong>Fortalecimiento del Sistema Inmunol\u00f3gico:<\/strong> Refuerza tus defensas naturales con una mezcla potente de antioxidantes y vitaminas, ayudando a tu sistema inmunol\u00f3gico a recuperar su vitalidad y resistencia.<\/li>\n<li><strong>Hidrataci\u00f3n Profunda:<\/strong> La deshidrataci\u00f3n puede ser un efecto secundario com\u00fan de la enfermedad. Nuestras terapias intravenosas ofrecen una hidrataci\u00f3n profunda para restaurar el equilibrio h\u00eddrico en tu cuerpo.<\/li>\n<li><strong>Energ\u00eda Revitalizante:<\/strong> Superar el COVID-19 puede dejar a muchas personas sinti\u00e9ndose fatigadas. Experimenta una revitalizaci\u00f3n instant\u00e1nea con nuestras terapias intravenosas, proporcionando la energ\u00eda necesaria para recuperar tu vitalidad.<\/li>\n<\/ol>\n","protected":false},"featured_media":1998,"comment_status":"open","ping_status":"closed","template":"","meta":{"site-sidebar-layout":"default","site-content-layout":"default","ast-site-content-layout":"default","site-content-style":"default","site-sidebar-style":"default","ast-global-header-display":"","ast-banner-title-visibility":"","ast-main-header-display":"","ast-hfb-above-header-display":"","ast-hfb-below-header-display":"","ast-hfb-mobile-header-display":"","site-post-title":"","ast-breadcrumbs-content":"","ast-featured-img":"","footer-sml-layout":"","theme-transparent-header-meta":"default","adv-header-id-meta":"","stick-header-meta":"","header-above-stick-meta":"","header-main-stick-meta":"","header-below-stick-meta":"","astra-migrate-meta-layouts":"set","ast-page-background-enabled":"default","ast-page-background-meta":{"desktop":{"background-color":"","background-image":"","background-repeat":"repeat","background-position":"center center","background-size":"auto","background-attachment":"scroll","background-type":"","background-media":"","overlay-type":"","overlay-color":"","overlay-gradient":""},"tablet":{"background-color":"","background-image":"","background-repeat":"repeat","background-position":"center center","background-size":"auto","background-attachment":"scroll","background-type":"","background-media":"","overlay-type":"","overlay-color":"","overlay-gradient":""},"mobile":{"background-color":"","background-image":"","background-repeat":"repeat","background-position":"center center","background-size":"auto","background-attachment":"scroll","background-type":"","background-media":"","overlay-type":"","overlay-color":"","overlay-gradient":""}},"ast-content-background-meta":{"desktop":{"background-color":"var(--ast-global-color-5)","background-image":"","background-repeat":"repeat","background-position":"center center","background-size":"auto","background-attachment":"scroll","background-type":"","background-media":"","overlay-type":"","overlay-color":"","overlay-gradient":""},"tablet":{"background-color":"var(--ast-global-color-5)","background-image":"","background-repeat":"repeat","background-position":"center center","background-size":"auto","background-attachment":"scroll","background-type":"","background-media":"","overlay-type":"","overlay-color":"","overlay-gradient":""},"mobile":{"background-color":"var(--ast-global-color-5)","background-image":"","background-repeat":"repeat","background-position":"center center","background-size":"auto","background-attachment":"scroll","background-type":"","background-media":"","overlay-type":"","overlay-color":"","overlay-gradient":""}},"_joinchat":[]},"product_cat":[21],"product_tag":[],"_links":{"self":[{"href":"https:\/\/terapiasintravenosasencuernavaca.com\/index.php\/wp-json\/wp\/v2\/product\/85"}],"collection":[{"href":"https:\/\/terapiasintravenosasencuernavaca.com\/index.php\/wp-json\/wp\/v2\/product"}],"about":[{"href":"https:\/\/terapiasintravenosasencuernavaca.com\/index.php\/wp-json\/wp\/v2\/types\/product"}],"replies":[{"embeddable":true,"href":"https:\/\/terapiasintravenosasencuernavaca.com\/index.php\/wp-json\/wp\/v2\/comments?post=85"}],"wp:featuredmedia":[{"embeddable":true,"href":"https:\/\/terapiasintravenosasencuernavaca.com\/index.php\/wp-json\/wp\/v2\/media\/1998"}],"wp:attachment":[{"href":"https:\/\/terapiasintravenosasencuernavaca.com\/index.php\/wp-json\/wp\/v2\/media?parent=85"}],"wp:term":[{"taxonomy":"product_cat","embeddable":true,"href":"https:\/\/terapiasintravenosasencuernavaca.com\/index.php\/wp-json\/wp\/v2\/product_cat?post=85"},{"taxonomy":"product_tag","embeddable":true,"href":"https:\/\/terapiasintravenosasencuernavaca.com\/index.php\/wp-json\/wp\/v2\/product_tag?post=85"}],"curies":[{"name":"wp","href":"https:\/\/api.w.org\/{rel}","templated":true}]}}