{"id":84,"date":"2019-01-23T13:20:21","date_gmt":"2019-01-23T13:20:21","guid":{"rendered":"https:\/\/terapiasintravenosasencuernavaca.com\/index.php\/product\/green-soil-lotus\/"},"modified":"2023-11-30T18:39:39","modified_gmt":"2023-11-30T18:39:39","slug":"green-soil-lotus","status":"publish","type":"product","link":"https:\/\/terapiasintravenosasencuernavaca.com\/index.php\/product\/green-soil-lotus\/","title":{"rendered":"Detox drogas"},"content":{"rendered":"<ol>\n<li><strong>Experticia S\u00f3lida:<\/strong> Con m\u00e1s de 10 a\u00f1os de experiencia en el campo de la salud, nuestro equipo m\u00e9dico experto ha perfeccionado un enfoque integral para la detoxificaci\u00f3n de drogas, gui\u00e1ndote hacia una recuperaci\u00f3n exitosa.<\/li>\n<li><strong>Trato Personalizado:<\/strong> Reconocemos que cada individuo es \u00fanico. Nuestro programa se adapta a tus necesidades espec\u00edficas, ofreciendo una atenci\u00f3n personalizada que aborda no solo los s\u00edntomas, sino las ra\u00edces subyacentes de la adicci\u00f3n.<\/li>\n<li><strong>Apoyo Emocional de Alta Calidad:<\/strong> Entendemos la complejidad emocional asociada con la adicci\u00f3n. Nuestros terapeutas especializados brindan un apoyo compasivo y herramientas pr\u00e1cticas para abordar los desaf\u00edos mentales y emocionales durante tu viaje hacia la recuperaci\u00f3n.<\/li>\n<li><strong>Tecnolog\u00eda Innovadora:<\/strong> Integramos tecnolog\u00edas avanzadas para una detoxificaci\u00f3n segura y eficaz, utilizando m\u00e9todos que van m\u00e1s all\u00e1 de lo convencional para restaurar tu salud f\u00edsica y emocional.<\/li>\n<li><strong>Resultados Probados:<\/strong> A lo largo de los a\u00f1os, hemos guiado a innumerables individuos hacia la sobriedad exitosa. Nuestros resultados hablan por s\u00ed mismos, respaldados por testimonios reales de aquellos que han experimentado una transformaci\u00f3n positiva con nosotros.<\/li>\n<\/ol>\n","protected":false},"excerpt":{"rendered":"<p>En Nativa Medical, no solo eliminamos las toxinas, sino que tambi\u00e9n cultivamos un ambiente de apoyo que te empodera en tu camino hacia la libertad de las drogas. Descubre c\u00f3mo nuestro Programa de Detoxificaci\u00f3n para Drogas puede ser tu primer paso hacia una vida renovada y llena de bienestar.<\/p>\n","protected":false},"featured_media":2000,"comment_status":"open","ping_status":"closed","template":"","meta":{"site-sidebar-layout":"default","site-content-layout":"default","ast-site-content-layout":"default","site-content-style":"default","site-sidebar-style":"default","ast-global-header-display":"","ast-banner-title-visibility":"","ast-main-header-display":"","ast-hfb-above-header-display":"","ast-hfb-below-header-display":"","ast-hfb-mobile-header-display":"","site-post-title":"","ast-breadcrumbs-content":"","ast-featured-img":"","footer-sml-layout":"","theme-transparent-header-meta":"default","adv-header-id-meta":"","stick-header-meta":"","header-above-stick-meta":"","header-main-stick-meta":"","header-below-stick-meta":"","astra-migrate-meta-layouts":"set","ast-page-background-enabled":"default","ast-page-background-meta":{"desktop":{"background-color":"","background-image":"","background-repeat":"repeat","background-position":"center center","background-size":"auto","background-attachment":"scroll","background-type":"","background-media":"","overlay-type":"","overlay-color":"","overlay-gradient":""},"tablet":{"background-color":"","background-image":"","background-repeat":"repeat","background-position":"center center","background-size":"auto","background-attachment":"scroll","background-type":"","background-media":"","overlay-type":"","overlay-color":"","overlay-gradient":""},"mobile":{"background-color":"","background-image":"","background-repeat":"repeat","background-position":"center center","background-size":"auto","background-attachment":"scroll","background-type":"","background-media":"","overlay-type":"","overlay-color":"","overlay-gradient":""}},"ast-content-background-meta":{"desktop":{"background-color":"var(--ast-global-color-5)","background-image":"","background-repeat":"repeat","background-position":"center center","background-size":"auto","background-attachment":"scroll","background-type":"","background-media":"","overlay-type":"","overlay-color":"","overlay-gradient":""},"tablet":{"background-color":"var(--ast-global-color-5)","background-image":"","background-repeat":"repeat","background-position":"center center","background-size":"auto","background-attachment":"scroll","background-type":"","background-media":"","overlay-type":"","overlay-color":"","overlay-gradient":""},"mobile":{"background-color":"var(--ast-global-color-5)","background-image":"","background-repeat":"repeat","background-position":"center center","background-size":"auto","background-attachment":"scroll","background-type":"","background-media":"","overlay-type":"","overlay-color":"","overlay-gradient":""}},"_joinchat":[]},"product_cat":[30],"product_tag":[],"_links":{"self":[{"href":"https:\/\/terapiasintravenosasencuernavaca.com\/index.php\/wp-json\/wp\/v2\/product\/84"}],"collection":[{"href":"https:\/\/terapiasintravenosasencuernavaca.com\/index.php\/wp-json\/wp\/v2\/product"}],"about":[{"href":"https:\/\/terapiasintravenosasencuernavaca.com\/index.php\/wp-json\/wp\/v2\/types\/product"}],"replies":[{"embeddable":true,"href":"https:\/\/terapiasintravenosasencuernavaca.com\/index.php\/wp-json\/wp\/v2\/comments?post=84"}],"wp:featuredmedia":[{"embeddable":true,"href":"https:\/\/terapiasintravenosasencuernavaca.com\/index.php\/wp-json\/wp\/v2\/media\/2000"}],"wp:attachment":[{"href":"https:\/\/terapiasintravenosasencuernavaca.com\/index.php\/wp-json\/wp\/v2\/media?parent=84"}],"wp:term":[{"taxonomy":"product_cat","embeddable":true,"href":"https:\/\/terapiasintravenosasencuernavaca.com\/index.php\/wp-json\/wp\/v2\/product_cat?post=84"},{"taxonomy":"product_tag","embeddable":true,"href":"https:\/\/terapiasintravenosasencuernavaca.com\/index.php\/wp-json\/wp\/v2\/product_tag?post=84"}],"curies":[{"name":"wp","href":"https:\/\/api.w.org\/{rel}","templated":true}]}}