{"id":82,"date":"2019-01-23T12:23:25","date_gmt":"2019-01-23T12:23:25","guid":{"rendered":"https:\/\/terapiasintravenosasencuernavaca.com\/index.php\/product\/rattle-snake-tail\/"},"modified":"2026-02-09T04:42:44","modified_gmt":"2026-02-09T04:42:44","slug":"rattle-snake-tail","status":"publish","type":"product","link":"https:\/\/terapiasintravenosasencuernavaca.com\/index.php\/product\/rattle-snake-tail\/","title":{"rendered":"Tratamiento para Alzh\u00e9imer"},"content":{"rendered":"<ol>\n<li><strong>Experiencia Pionera en Terapias Intravenosas:<\/strong> Con m\u00e1s de una d\u00e9cada en la vanguardia de la salud, Nativa Medical combina su experiencia en el tratamiento del Alzheimer con la eficacia probada de las Terapias Intravenosas.<\/li>\n<li><strong>Enfoque Multidisciplinario Enriquecido:<\/strong> Nuestro tratamiento abarca aspectos cognitivos, emocionales y f\u00edsicos del Alzheimer. La inclusi\u00f3n de terapias intravenosas potencia la entrega de nutrientes esenciales directamente al torrente sangu\u00edneo, optimizando su absorci\u00f3n y maximizando los beneficios para el cerebro.<\/li>\n<li><strong>Personalizaci\u00f3n del Plan de Tratamiento:<\/strong> Reconocemos la singularidad de cada paciente. Dise\u00f1amos planes de tratamiento personalizados que combinan terapias intravenosas con enfoques tradicionales para abordar las necesidades espec\u00edficas de cada individuo.<\/li>\n<li><strong>Integraci\u00f3n de Nutrientes Esenciales:<\/strong> Las Terapias Intravenosas en nuestro tratamiento para el Alzheimer incluyen una cuidadosa combinaci\u00f3n de antioxidantes, vitaminas y minerales destinados a nutrir y proteger el cerebro, contribuyendo a la salud cognitiva y ralentizando el deterioro asociado con la enfermedad.<\/li>\n<li><strong>Compromiso con el Bienestar Continuo:<\/strong> M\u00e1s all\u00e1 del tratamiento, ofrecemos un s\u00f3lido sistema de apoyo para pacientes y familiares. La comprensi\u00f3n y el compromiso son fundamentales para nosotros mientras trabajamos juntos para mejorar la calidad de vida y fomentar la independencia.<\/li>\n<\/ol>\n","protected":false},"excerpt":{"rendered":"<p>Experiencia Pionera en Terapias Intravenosas: Con m\u00e1s de una d\u00e9cada en la vanguardia de la salud, Nativa Medical combina su experiencia en el tratamiento del Alzheimer con la eficacia probada de las Terapias Intravenosas. Enfoque Multidisciplinario Enriquecido: Nuestro tratamiento abarca aspectos cognitivos, emocionales y f\u00edsicos del Alzheimer. La inclusi\u00f3n de terapias intravenosas potencia la entrega &hellip;<\/p>\n<p class=\"read-more\"> <a class=\"\" href=\"https:\/\/terapiasintravenosasencuernavaca.com\/index.php\/product\/rattle-snake-tail\/\"> <span class=\"screen-reader-text\">Tratamiento para Alzh\u00e9imer<\/span> Read More &raquo;<\/a><\/p>\n","protected":false},"featured_media":2007,"comment_status":"open","ping_status":"closed","template":"","meta":{"site-sidebar-layout":"default","site-content-layout":"default","ast-site-content-layout":"default","site-content-style":"default","site-sidebar-style":"default","ast-global-header-display":"","ast-banner-title-visibility":"","ast-main-header-display":"","ast-hfb-above-header-display":"","ast-hfb-below-header-display":"","ast-hfb-mobile-header-display":"","site-post-title":"","ast-breadcrumbs-content":"","ast-featured-img":"","footer-sml-layout":"","theme-transparent-header-meta":"default","adv-header-id-meta":"","stick-header-meta":"","header-above-stick-meta":"","header-main-stick-meta":"","header-below-stick-meta":"","astra-migrate-meta-layouts":"set","ast-page-background-enabled":"default","ast-page-background-meta":{"desktop":{"background-color":"","background-image":"","background-repeat":"repeat","background-position":"center center","background-size":"auto","background-attachment":"scroll","background-type":"","background-media":"","overlay-type":"","overlay-color":"","overlay-gradient":""},"tablet":{"background-color":"","background-image":"","background-repeat":"repeat","background-position":"center center","background-size":"auto","background-attachment":"scroll","background-type":"","background-media":"","overlay-type":"","overlay-color":"","overlay-gradient":""},"mobile":{"background-color":"","background-image":"","background-repeat":"repeat","background-position":"center center","background-size":"auto","background-attachment":"scroll","background-type":"","background-media":"","overlay-type":"","overlay-color":"","overlay-gradient":""}},"ast-content-background-meta":{"desktop":{"background-color":"var(--ast-global-color-5)","background-image":"","background-repeat":"repeat","background-position":"center center","background-size":"auto","background-attachment":"scroll","background-type":"","background-media":"","overlay-type":"","overlay-color":"","overlay-gradient":""},"tablet":{"background-color":"var(--ast-global-color-5)","background-image":"","background-repeat":"repeat","background-position":"center center","background-size":"auto","background-attachment":"scroll","background-type":"","background-media":"","overlay-type":"","overlay-color":"","overlay-gradient":""},"mobile":{"background-color":"var(--ast-global-color-5)","background-image":"","background-repeat":"repeat","background-position":"center center","background-size":"auto","background-attachment":"scroll","background-type":"","background-media":"","overlay-type":"","overlay-color":"","overlay-gradient":""}},"_joinchat":[]},"product_cat":[15],"product_tag":[],"_links":{"self":[{"href":"https:\/\/terapiasintravenosasencuernavaca.com\/index.php\/wp-json\/wp\/v2\/product\/82"}],"collection":[{"href":"https:\/\/terapiasintravenosasencuernavaca.com\/index.php\/wp-json\/wp\/v2\/product"}],"about":[{"href":"https:\/\/terapiasintravenosasencuernavaca.com\/index.php\/wp-json\/wp\/v2\/types\/product"}],"replies":[{"embeddable":true,"href":"https:\/\/terapiasintravenosasencuernavaca.com\/index.php\/wp-json\/wp\/v2\/comments?post=82"}],"wp:featuredmedia":[{"embeddable":true,"href":"https:\/\/terapiasintravenosasencuernavaca.com\/index.php\/wp-json\/wp\/v2\/media\/2007"}],"wp:attachment":[{"href":"https:\/\/terapiasintravenosasencuernavaca.com\/index.php\/wp-json\/wp\/v2\/media?parent=82"}],"wp:term":[{"taxonomy":"product_cat","embeddable":true,"href":"https:\/\/terapiasintravenosasencuernavaca.com\/index.php\/wp-json\/wp\/v2\/product_cat?post=82"},{"taxonomy":"product_tag","embeddable":true,"href":"https:\/\/terapiasintravenosasencuernavaca.com\/index.php\/wp-json\/wp\/v2\/product_tag?post=82"}],"curies":[{"name":"wp","href":"https:\/\/api.w.org\/{rel}","templated":true}]}}